{"id":103,"date":"2023-07-24T15:13:48","date_gmt":"2023-07-24T15:13:48","guid":{"rendered":"https:\/\/zirkonzahn.ro\/?post_type=product&#038;p=103"},"modified":"2023-07-24T15:13:48","modified_gmt":"2023-07-24T15:13:48","slug":"aparat-de-frezat-m2-dual-wet-heavy-metal","status":"publish","type":"product","link":"https:\/\/zirkonzahn.ro\/index.php\/product\/aparat-de-frezat-m2-dual-wet-heavy-metal\/","title":{"rendered":"Aparat de frezat M2 DUAL WET HEAVY METAL"},"content":{"rendered":"<p>Unitate de frezat cu dou\u0103 camere controlat\u0103 de computer cu orbit\u0103 \u2300 95 mm \u00een ambele camere de frezareCamerele de frezare separate permit prelucrarea secven\u021bial\u0103 umed\u0103 \u0219i uscat\u0103 a materialelor f\u0103r\u0103 cur\u0103\u021bare manual\u0103 \u00eentre eleSolu\u021bie autonom\u0103: PC integrat cu ecran tactil pentru control direct (\u00eenc\u0103rcarea frezelor, controlul proceselor de frezare \u0219i calibrare)Tehnologie de frezare simultan\u0103 cu 5+1 axe complet automatizat\u0103Se pot introduce urm\u0103toarele semifabricate (pentru unele sunt necesare suporturi): semifabricate de material cu \u2300 95 mm, precum \u0219i semifabricate din ceramic\u0103 vitroas\u0103 \u0219i Raw-Abutment\u00aeAx de frezat de \u00eenalt\u0103 performan\u021b\u0103 cu alimentare optimizat\u0103 cu ap\u0103 de r\u0103cire pentru o elaborare deosebit de delicat\u0103 a materialuluiCu func\u021bie de procesare umed\u0103 pentru prelucrarea tuturor materialelor dentare comune \u0219i a tuturor tipurilor de restaur\u0103ri (zirconiu, r\u0103\u0219in\u0103, cear\u0103, Sintermetall, cobalt-crom, titan, Raw-Abutments\u00ae, sticl\u0103-ceramic\u0103 \u0219i compozit)Frez\u0103 CAD\/CAM 6 mm \u0219i orbit\u0103 cu axe rotative opuse (A \u0219i B) pentru un proces de elaborare stabil; timpul de elaborare poate fi variat prin selectarea diferitelor calit\u0103\u021bi de suprafa\u021b\u0103Camere de frezare cu design spa\u021bios, iluminate optim \u0219i u\u0219or accesibileCamer\u0103 pentru freze protejat\u0103 de contaminare, separat\u0103 de camerele de frezare, cu func\u021bie automat\u0103 de schimbare a frezelor cu 21 de compartimente \u0219i spa\u021biu pentru p\u00e2n\u0103 la dou\u0103 magazii de freze suplimentare cu 21 de sloturi pentru freze fiecare \u0219i func\u021bie de schimbare automat\u0103 a frezelor (3&#215;21); p\u00e2n\u0103 la 63 de sloturi pentru frezeDetectarea optic\u0103 a frezelor pentru o selec\u021bie sigur\u0103 Func\u021bie automat\u0103 de autocur\u0103\u021bare \u0219i uscare \u0219i Kit de cur\u0103\u021bare pentru cur\u0103\u021bare manual\u0103\u00a0KIT DE ACTUALIZARE DUBL\u0102 M2\/M2Unitatea de frezat M2 Dual Wet Heavy Metal poate fi actualizat\u0103 la unitatea de frezat M2 Dual Teleskoper sau la unitatea de frezat M2 Dual Double Teleskoper prin integrarea Teleskoper Orbit \u2300 125 mm. Aceasta permite elaborarea semifabricatelor de material cu diametrul de \u2300 95 mm, \u2300 98 mm, \u2300 106 mm \u0219i \u2300 125 mm. De asemenea, cre\u0219te num\u0103rul de semifabricate din ceramic\u0103 vitroas\u0103 \u0219i Raw-Abutment\u00ae care pot fi elaborate \u00eentr-un singur proces de frezare.<\/p>\n","protected":false},"excerpt":{"rendered":"<p>Unitate de frezat cu dou\u0103 camere controlat\u0103 de computer cu orbit\u0103 \u2300 95 mm \u00een ambele camere de frezareCamerele de frezare separate permit prelucrarea secven\u021bial\u0103 umed\u0103 \u0219i uscat\u0103 a materialelor f\u0103r\u0103 cur\u0103\u021bare manual\u0103 \u00eentre eleSolu\u021bie autonom\u0103: PC integrat cu ecran tactil pentru control direct (\u00eenc\u0103rcarea frezelor, controlul proceselor de frezare \u0219i calibrare)Tehnologie de frezare simultan\u0103 [&hellip;]<\/p>\n","protected":false},"featured_media":104,"comment_status":"open","ping_status":"closed","template":"","meta":[],"product_brand":[],"product_cat":[19],"product_tag":[27],"class_list":{"0":"post-103","1":"product","2":"type-product","3":"status-publish","4":"has-post-thumbnail","6":"product_cat-cad-cam","7":"product_tag-freza-cnc","9":"first","10":"instock","11":"shipping-taxable","12":"purchasable","13":"product-type-simple"},"_links":{"self":[{"href":"https:\/\/zirkonzahn.ro\/index.php\/wp-json\/wp\/v2\/product\/103","targetHints":{"allow":["GET"]}}],"collection":[{"href":"https:\/\/zirkonzahn.ro\/index.php\/wp-json\/wp\/v2\/product"}],"about":[{"href":"https:\/\/zirkonzahn.ro\/index.php\/wp-json\/wp\/v2\/types\/product"}],"replies":[{"embeddable":true,"href":"https:\/\/zirkonzahn.ro\/index.php\/wp-json\/wp\/v2\/comments?post=103"}],"wp:featuredmedia":[{"embeddable":true,"href":"https:\/\/zirkonzahn.ro\/index.php\/wp-json\/wp\/v2\/media\/104"}],"wp:attachment":[{"href":"https:\/\/zirkonzahn.ro\/index.php\/wp-json\/wp\/v2\/media?parent=103"}],"wp:term":[{"taxonomy":"product_brand","embeddable":true,"href":"https:\/\/zirkonzahn.ro\/index.php\/wp-json\/wp\/v2\/product_brand?post=103"},{"taxonomy":"product_cat","embeddable":true,"href":"https:\/\/zirkonzahn.ro\/index.php\/wp-json\/wp\/v2\/product_cat?post=103"},{"taxonomy":"product_tag","embeddable":true,"href":"https:\/\/zirkonzahn.ro\/index.php\/wp-json\/wp\/v2\/product_tag?post=103"}],"curies":[{"name":"wp","href":"https:\/\/api.w.org\/{rel}","templated":true}]}}