{"id":122,"date":"2023-07-24T15:24:40","date_gmt":"2023-07-24T15:24:40","guid":{"rendered":"https:\/\/zirkonzahn.ro\/?post_type=product&#038;p=122"},"modified":"2023-07-24T15:24:40","modified_gmt":"2023-07-24T15:24:40","slug":"aparat-de-frezat-m4-wet-heavy-metal","status":"publish","type":"product","link":"https:\/\/zirkonzahn.ro\/index.php\/product\/aparat-de-frezat-m4-wet-heavy-metal\/","title":{"rendered":"Aparat de frezat M4 WET HEAVY METAL"},"content":{"rendered":"<p>M4 Wet Heavy Metal este o unitate de frezat de 1500 W \u0219i 350 kg, care rezist\u0103 la toate vibra\u021biile. Este echipat cu tehnologia dovedit\u0103 de frezare simultan\u0103 cu 5+1 axe \u0219i poate prelucra at\u00e2t materiale dure, c\u00e2t \u0219i moi, datorit\u0103 func\u021biei integrate de prelucrare umed\u0103. Piesa central\u0103 const\u0103 dintr-o mas\u0103 rotativ\u0103 a piesei de prelucrat la 360\u00b0, ceea ce face posibil\u0103 frezarea f\u0103r\u0103 probleme \u0219i a zonelor greu accesibile, ca dep\u0103\u0219iri \u0219i divergen\u021be. Zona de frezare foarte mare cu diferite tipuri de suporturi pentru semifabricate permite elaborarea a p\u00e2n\u0103 la 10 modele, 20 de poduri cu arc \u00eentreg \u0219i30 Raw-Abutments\u00ae sau semifabricate din vitroceramic\u0103 \u00eentr-un singur proces de frezare. Func\u021bia integrat\u0103 de schimbare a frezelor \u0219i magazia de freze permit schimbarea automat\u0103 a p\u00e2n\u0103 la 32 de freze de elaborare. Detectarea frezelor optice (optional) previne utilizarea instrumentelor de elaborare gresite. Ca solu\u021bie autonom\u0103 cu PC integrat \u0219i ecran tactil (op\u021bional), procesele de frezare \u0219i procesele de calibrare pot fi, de asemenea, pornite direct pe unitatea de frezat \u0219i pot fi \u00eenc\u0103rcate instrumente de elaborare.ECHIPAMENTE DE BAZ\u0102 Unitate de frezare simultan\u0103 cu 5+1 axe controlat\u0103 de computer cu schimb\u0103tor de freze de 32 de ori \u0219i func\u021bie de prelucrare umed\u0103 pentru prelucrarea tuturor materialelor de protez\u0103 dentar\u0103 (zirconiu, r\u0103\u0219in\u0103, cear\u0103, metal sinterizat, crom-cobalt, titan, semifabricate pentru bonturi prefabricate din titan Raw-Abutments \u00ae, sticl\u0103 ceramic\u0103 \u0219i compozit)Suport diferit pentru semifabricate rotunde \u0219i alte forme de material:2-Plac\u0103-neal\u01034-Plac\u0103-alb\u0103Suport Raw-Abutment\u00ae M4Suport din sticl\u0103 ceramic\u0103 M4<\/p>\n","protected":false},"excerpt":{"rendered":"<p>M4 Wet Heavy Metal este o unitate de frezat de 1500 W \u0219i 350 kg, care rezist\u0103 la toate vibra\u021biile. Este echipat cu tehnologia dovedit\u0103 de frezare simultan\u0103 cu 5+1 axe \u0219i poate prelucra at\u00e2t materiale dure, c\u00e2t \u0219i moi, datorit\u0103 func\u021biei integrate de prelucrare umed\u0103. Piesa central\u0103 const\u0103 dintr-o mas\u0103 rotativ\u0103 a piesei de [&hellip;]<\/p>\n","protected":false},"featured_media":123,"comment_status":"open","ping_status":"closed","template":"","meta":[],"product_brand":[],"product_cat":[19],"product_tag":[27],"class_list":{"0":"post-122","1":"product","2":"type-product","3":"status-publish","4":"has-post-thumbnail","6":"product_cat-cad-cam","7":"product_tag-freza-cnc","9":"first","10":"instock","11":"shipping-taxable","12":"purchasable","13":"product-type-simple"},"_links":{"self":[{"href":"https:\/\/zirkonzahn.ro\/index.php\/wp-json\/wp\/v2\/product\/122","targetHints":{"allow":["GET"]}}],"collection":[{"href":"https:\/\/zirkonzahn.ro\/index.php\/wp-json\/wp\/v2\/product"}],"about":[{"href":"https:\/\/zirkonzahn.ro\/index.php\/wp-json\/wp\/v2\/types\/product"}],"replies":[{"embeddable":true,"href":"https:\/\/zirkonzahn.ro\/index.php\/wp-json\/wp\/v2\/comments?post=122"}],"wp:featuredmedia":[{"embeddable":true,"href":"https:\/\/zirkonzahn.ro\/index.php\/wp-json\/wp\/v2\/media\/123"}],"wp:attachment":[{"href":"https:\/\/zirkonzahn.ro\/index.php\/wp-json\/wp\/v2\/media?parent=122"}],"wp:term":[{"taxonomy":"product_brand","embeddable":true,"href":"https:\/\/zirkonzahn.ro\/index.php\/wp-json\/wp\/v2\/product_brand?post=122"},{"taxonomy":"product_cat","embeddable":true,"href":"https:\/\/zirkonzahn.ro\/index.php\/wp-json\/wp\/v2\/product_cat?post=122"},{"taxonomy":"product_tag","embeddable":true,"href":"https:\/\/zirkonzahn.ro\/index.php\/wp-json\/wp\/v2\/product_tag?post=122"}],"curies":[{"name":"wp","href":"https:\/\/api.w.org\/{rel}","templated":true}]}}