{"id":55,"date":"2023-07-15T13:15:37","date_gmt":"2023-07-15T13:15:37","guid":{"rendered":"https:\/\/zirkonzahn.ro\/?post_type=product&#038;p=55"},"modified":"2023-07-15T13:15:37","modified_gmt":"2023-07-15T13:15:37","slug":"detection-eye","status":"publish","type":"product","link":"https:\/\/zirkonzahn.ro\/index.php\/product\/detection-eye\/","title":{"rendered":"Detection Eye"},"content":{"rendered":"<p>Noul scanner intraoral Detection Eye impresioneaz\u0103 prin precizie \u0219i vitez\u0103, caracteristici care permit digitalizarea complet\u0103 a unei arcade \u00een mai pu\u021bin de un minut.<\/p>\n<p>Scaneaz\u0103 \u00een timp real, cu culori realiste \u0219i cu delimit\u0103ri clare \u00eentre structuri. Suprafe\u021bele scanate nu necesit\u0103 tratarea prealabil\u0103 cu pulberi, ceea ce contribuie la simplificarea procedurii de scanare. Masa proprie este foarte redus\u0103, de numai 240 de grame.<\/p>\n<p>Pachetul software al scannerului este intuitiv, put\u00e2nd fi operat printr-o simpl\u0103 ap\u0103sare de buton. \u00cen plus, programul poate fi utilizat cu ajutorul unui senzor de mi\u0219care, care genereaz\u0103 comenzile pentru aplica\u021bia software, aplica\u021bie care folose\u0219te inteligen\u021ba artificial\u0103 pentru a identifica \u0219i elimina datele redundante aferente \u021besuturilor moi, particularitate care accelereaz\u0103 \u0219i cre\u0219te precizia procesului de scanare.<\/p>\n<p>\u00cen plus, confortul pacientului poate fi ameliorat prin selectarea celui mai potrivit dintre cele dou\u0103 capete de scanare disponibile: cel standard \u0219i cel mic.<\/p>\n","protected":false},"excerpt":{"rendered":"<p>Scanner intraoral rapid, u\u0219or de utilizat, dotat cu inteligen\u021b\u0103 artificial\u0103<\/p>\n","protected":false},"featured_media":56,"comment_status":"open","ping_status":"closed","template":"","meta":[],"product_brand":[],"product_cat":[20],"product_tag":[26],"class_list":{"0":"post-55","1":"product","2":"type-product","3":"status-publish","4":"has-post-thumbnail","6":"product_cat-scannere-intraorale","7":"product_tag-scanner-intraoral","9":"first","10":"instock","11":"shipping-taxable","12":"product-type-simple"},"_links":{"self":[{"href":"https:\/\/zirkonzahn.ro\/index.php\/wp-json\/wp\/v2\/product\/55","targetHints":{"allow":["GET"]}}],"collection":[{"href":"https:\/\/zirkonzahn.ro\/index.php\/wp-json\/wp\/v2\/product"}],"about":[{"href":"https:\/\/zirkonzahn.ro\/index.php\/wp-json\/wp\/v2\/types\/product"}],"replies":[{"embeddable":true,"href":"https:\/\/zirkonzahn.ro\/index.php\/wp-json\/wp\/v2\/comments?post=55"}],"wp:featuredmedia":[{"embeddable":true,"href":"https:\/\/zirkonzahn.ro\/index.php\/wp-json\/wp\/v2\/media\/56"}],"wp:attachment":[{"href":"https:\/\/zirkonzahn.ro\/index.php\/wp-json\/wp\/v2\/media?parent=55"}],"wp:term":[{"taxonomy":"product_brand","embeddable":true,"href":"https:\/\/zirkonzahn.ro\/index.php\/wp-json\/wp\/v2\/product_brand?post=55"},{"taxonomy":"product_cat","embeddable":true,"href":"https:\/\/zirkonzahn.ro\/index.php\/wp-json\/wp\/v2\/product_cat?post=55"},{"taxonomy":"product_tag","embeddable":true,"href":"https:\/\/zirkonzahn.ro\/index.php\/wp-json\/wp\/v2\/product_tag?post=55"}],"curies":[{"name":"wp","href":"https:\/\/api.w.org\/{rel}","templated":true}]}}