{"id":86,"date":"2023-07-24T14:52:12","date_gmt":"2023-07-24T14:52:12","guid":{"rendered":"https:\/\/zirkonzahn.ro\/?post_type=product&#038;p=86"},"modified":"2023-07-24T15:04:38","modified_gmt":"2023-07-24T15:04:38","slug":"masina-de-frezat-m1-soft","status":"publish","type":"product","link":"https:\/\/zirkonzahn.ro\/index.php\/product\/masina-de-frezat-m1-soft\/","title":{"rendered":"Ma\u0219ina de frezat M1 SOFT"},"content":{"rendered":"<p>Masina de frezat M1 Soft este potrivit\u0103 \u00een special pentru prelucrarea uscat\u0103 a materialelor moi, cum ar fi metal sinterizat \u0219i zirconiu.<\/p>\n<p>Masina de frezare simultan\u0103 cu 5+1 axeSchimb\u0103tor de frezePC \u0219i ecranSoftware CAMSoftware proiectare de baz\u0103Echipat cu aer de blocare<\/p>\n","protected":false},"excerpt":{"rendered":"<p>frez<\/p>\n","protected":false},"featured_media":87,"comment_status":"open","ping_status":"closed","template":"","meta":[],"product_brand":[],"product_cat":[19],"product_tag":[27],"class_list":{"0":"post-86","1":"product","2":"type-product","3":"status-publish","4":"has-post-thumbnail","6":"product_cat-cad-cam","7":"product_tag-freza-cnc","9":"first","10":"instock","11":"shipping-taxable","12":"purchasable","13":"product-type-simple"},"_links":{"self":[{"href":"https:\/\/zirkonzahn.ro\/index.php\/wp-json\/wp\/v2\/product\/86","targetHints":{"allow":["GET"]}}],"collection":[{"href":"https:\/\/zirkonzahn.ro\/index.php\/wp-json\/wp\/v2\/product"}],"about":[{"href":"https:\/\/zirkonzahn.ro\/index.php\/wp-json\/wp\/v2\/types\/product"}],"replies":[{"embeddable":true,"href":"https:\/\/zirkonzahn.ro\/index.php\/wp-json\/wp\/v2\/comments?post=86"}],"wp:featuredmedia":[{"embeddable":true,"href":"https:\/\/zirkonzahn.ro\/index.php\/wp-json\/wp\/v2\/media\/87"}],"wp:attachment":[{"href":"https:\/\/zirkonzahn.ro\/index.php\/wp-json\/wp\/v2\/media?parent=86"}],"wp:term":[{"taxonomy":"product_brand","embeddable":true,"href":"https:\/\/zirkonzahn.ro\/index.php\/wp-json\/wp\/v2\/product_brand?post=86"},{"taxonomy":"product_cat","embeddable":true,"href":"https:\/\/zirkonzahn.ro\/index.php\/wp-json\/wp\/v2\/product_cat?post=86"},{"taxonomy":"product_tag","embeddable":true,"href":"https:\/\/zirkonzahn.ro\/index.php\/wp-json\/wp\/v2\/product_tag?post=86"}],"curies":[{"name":"wp","href":"https:\/\/api.w.org\/{rel}","templated":true}]}}