{"id":90,"date":"2023-07-24T14:57:15","date_gmt":"2023-07-24T14:57:15","guid":{"rendered":"https:\/\/zirkonzahn.ro\/?post_type=product&#038;p=90"},"modified":"2023-07-24T15:04:19","modified_gmt":"2023-07-24T15:04:19","slug":"masina-de-frezat-m1-wet","status":"publish","type":"product","link":"https:\/\/zirkonzahn.ro\/index.php\/product\/masina-de-frezat-m1-wet\/","title":{"rendered":"Ma\u0219ina de frezat M1 WET"},"content":{"rendered":"<p>Cu func\u021bia de prelucrare umed\u0103 integrat\u0103 Masina de frezare simultan\u0103 cu 5+1 axeSchimb\u0103tor de frezePC \u0219i ecranSoftware CAMSoftware proiectare de baz\u0103. Echipat cu aer de blocare.<\/p>\n","protected":false},"excerpt":{"rendered":"<p>Cu func\u021bia de prelucrare umed\u0103 integrat\u0103 Masina de frezare simultan\u0103 cu 5+1 axeSchimb\u0103tor de frezePC \u0219i ecranSoftware CAMSoftware proiectare de baz\u0103. Echipat cu aer de blocare.<\/p>\n","protected":false},"featured_media":91,"comment_status":"open","ping_status":"closed","template":"","meta":[],"product_brand":[],"product_cat":[19],"product_tag":[27],"class_list":{"0":"post-90","1":"product","2":"type-product","3":"status-publish","4":"has-post-thumbnail","6":"product_cat-cad-cam","7":"product_tag-freza-cnc","9":"first","10":"instock","11":"shipping-taxable","12":"purchasable","13":"product-type-simple"},"_links":{"self":[{"href":"https:\/\/zirkonzahn.ro\/index.php\/wp-json\/wp\/v2\/product\/90","targetHints":{"allow":["GET"]}}],"collection":[{"href":"https:\/\/zirkonzahn.ro\/index.php\/wp-json\/wp\/v2\/product"}],"about":[{"href":"https:\/\/zirkonzahn.ro\/index.php\/wp-json\/wp\/v2\/types\/product"}],"replies":[{"embeddable":true,"href":"https:\/\/zirkonzahn.ro\/index.php\/wp-json\/wp\/v2\/comments?post=90"}],"wp:featuredmedia":[{"embeddable":true,"href":"https:\/\/zirkonzahn.ro\/index.php\/wp-json\/wp\/v2\/media\/91"}],"wp:attachment":[{"href":"https:\/\/zirkonzahn.ro\/index.php\/wp-json\/wp\/v2\/media?parent=90"}],"wp:term":[{"taxonomy":"product_brand","embeddable":true,"href":"https:\/\/zirkonzahn.ro\/index.php\/wp-json\/wp\/v2\/product_brand?post=90"},{"taxonomy":"product_cat","embeddable":true,"href":"https:\/\/zirkonzahn.ro\/index.php\/wp-json\/wp\/v2\/product_cat?post=90"},{"taxonomy":"product_tag","embeddable":true,"href":"https:\/\/zirkonzahn.ro\/index.php\/wp-json\/wp\/v2\/product_tag?post=90"}],"curies":[{"name":"wp","href":"https:\/\/api.w.org\/{rel}","templated":true}]}}