{"id":93,"date":"2023-07-24T14:59:39","date_gmt":"2023-07-24T14:59:39","guid":{"rendered":"https:\/\/zirkonzahn.ro\/?post_type=product&#038;p=93"},"modified":"2023-07-24T15:01:51","modified_gmt":"2023-07-24T15:01:51","slug":"93","status":"publish","type":"product","link":"https:\/\/zirkonzahn.ro\/index.php\/product\/93\/","title":{"rendered":"Ma\u0219ina de frezat M1 HEAVY WET"},"content":{"rendered":"<p>Cu func\u021bia de prelucrare umed\u0103 integrat\u0103<\/p>\n<p>Masina de frezare simultan\u0103 cu 5+1 axe<\/p>\n<p>Schimb\u0103tor de frezePC \u0219i ecran<\/p>\n<p>Software CAM<\/p>\n<p>Software proiectare de baz\u0103<\/p>\n<p>Echipat cu aer de blocare<\/p>\n","protected":false},"excerpt":{"rendered":"<p>Cu func\u021bia de prelucrare umed\u0103 integrat\u0103 Masina de frezare simultan\u0103 cu 5+1 axe Schimb\u0103tor de frezePC \u0219i ecran Software CAM Software proiectare de baz\u0103 Echipat cu aer de blocare<\/p>\n","protected":false},"featured_media":94,"comment_status":"open","ping_status":"closed","template":"","meta":[],"product_brand":[],"product_cat":[19],"product_tag":[27],"class_list":{"0":"post-93","1":"product","2":"type-product","3":"status-publish","4":"has-post-thumbnail","6":"product_cat-cad-cam","7":"product_tag-freza-cnc","9":"first","10":"instock","11":"shipping-taxable","12":"purchasable","13":"product-type-simple"},"_links":{"self":[{"href":"https:\/\/zirkonzahn.ro\/index.php\/wp-json\/wp\/v2\/product\/93","targetHints":{"allow":["GET"]}}],"collection":[{"href":"https:\/\/zirkonzahn.ro\/index.php\/wp-json\/wp\/v2\/product"}],"about":[{"href":"https:\/\/zirkonzahn.ro\/index.php\/wp-json\/wp\/v2\/types\/product"}],"replies":[{"embeddable":true,"href":"https:\/\/zirkonzahn.ro\/index.php\/wp-json\/wp\/v2\/comments?post=93"}],"wp:featuredmedia":[{"embeddable":true,"href":"https:\/\/zirkonzahn.ro\/index.php\/wp-json\/wp\/v2\/media\/94"}],"wp:attachment":[{"href":"https:\/\/zirkonzahn.ro\/index.php\/wp-json\/wp\/v2\/media?parent=93"}],"wp:term":[{"taxonomy":"product_brand","embeddable":true,"href":"https:\/\/zirkonzahn.ro\/index.php\/wp-json\/wp\/v2\/product_brand?post=93"},{"taxonomy":"product_cat","embeddable":true,"href":"https:\/\/zirkonzahn.ro\/index.php\/wp-json\/wp\/v2\/product_cat?post=93"},{"taxonomy":"product_tag","embeddable":true,"href":"https:\/\/zirkonzahn.ro\/index.php\/wp-json\/wp\/v2\/product_tag?post=93"}],"curies":[{"name":"wp","href":"https:\/\/api.w.org\/{rel}","templated":true}]}}